{"id":443,"date":"2026-04-26T18:24:17","date_gmt":"2026-04-26T15:24:17","guid":{"rendered":"https:\/\/www.erankavijat.com\/?page_id=443"},"modified":"2026-04-26T18:34:05","modified_gmt":"2026-04-26T15:34:05","slug":"paatoksia","status":"publish","type":"page","link":"https:\/\/www.erankavijat.com\/?page_id=443","title":{"rendered":"P\u00e4\u00e4t\u00f6ksi\u00e4"},"content":{"rendered":"\n<h2 class=\"wp-block-heading\">Kokousten p\u00e4\u00e4t\u00f6ksi\u00e4:<\/h2>\n\n\n\n<div class=\"wp-block-buttons is-layout-flex wp-block-buttons-is-layout-flex\">\n<div class=\"wp-block-button\"><a class=\"wp-block-button__link wp-element-button\">Maksut, rauhoitukset ja kiinti\u00f6t 2026 (tulossa)<\/a><\/div>\n\n\n\n<div class=\"wp-block-button\"><a class=\"wp-block-button__link wp-element-button\" href=\"https:\/\/www.erankavijat.com\/?page_id=73\">Maksut, rauhoitukset ja kiinti\u00f6t 2025<\/a><\/div>\n<\/div>\n\n\n\n<div style=\"height:24px\" aria-hidden=\"true\" class=\"wp-block-spacer\"><\/div>\n\n\n\n<h2 class=\"wp-block-heading\">Hirvikokousten p\u00e4\u00e4t\u00f6ksi\u00e4 (vain j\u00e4senille):<\/h2>\n\n\n\n<div class=\"wp-block-buttons is-layout-flex wp-block-buttons-is-layout-flex\">\n<div class=\"wp-block-button\"><a class=\"wp-block-button__link wp-element-button\">Hirvikokous 2026 (tulossa my\u00f6hemmin)<\/a><\/div>\n\n\n\n<div class=\"wp-block-button\"><a class=\"wp-block-button__link wp-element-button\">Hirvikokous 2025 (tulossa)<\/a><\/div>\n\n\n\n<div class=\"wp-block-button\"><a class=\"wp-block-button__link wp-element-button\" href=\"https:\/\/www.erankavijat.com\/?page_id=362\">Hirvikokous 2024<\/a><\/div>\n<\/div>\n\n\n\n<div style=\"height:69px\" aria-hidden=\"true\" class=\"wp-block-spacer\"><\/div>\n\n\n<div class=\"logged-out wp-block-loginout\"><a href=\"https:\/\/www.erankavijat.com\/wp-login.php?redirect_to=https%3A%2F%2Fwww.erankavijat.com%2Findex.php%3Frest_route%3D%252Fwp%252Fv2%252Fpages%252F443\">Kirjaudu sis\u00e4\u00e4n<\/a><\/div>","protected":false},"excerpt":{"rendered":"<p>Kokousten p\u00e4\u00e4t\u00f6ksi\u00e4: Hirvikokousten p\u00e4\u00e4t\u00f6ksi\u00e4 (vain j\u00e4senille):<\/p>\n","protected":false},"author":2,"featured_media":0,"parent":0,"menu_order":0,"comment_status":"closed","ping_status":"closed","template":"","meta":{"footnotes":""},"class_list":["post-443","page","type-page","status-publish","hentry"],"_links":{"self":[{"href":"https:\/\/www.erankavijat.com\/index.php?rest_route=\/wp\/v2\/pages\/443","targetHints":{"allow":["GET"]}}],"collection":[{"href":"https:\/\/www.erankavijat.com\/index.php?rest_route=\/wp\/v2\/pages"}],"about":[{"href":"https:\/\/www.erankavijat.com\/index.php?rest_route=\/wp\/v2\/types\/page"}],"author":[{"embeddable":true,"href":"https:\/\/www.erankavijat.com\/index.php?rest_route=\/wp\/v2\/users\/2"}],"replies":[{"embeddable":true,"href":"https:\/\/www.erankavijat.com\/index.php?rest_route=%2Fwp%2Fv2%2Fcomments&post=443"}],"version-history":[{"count":13,"href":"https:\/\/www.erankavijat.com\/index.php?rest_route=\/wp\/v2\/pages\/443\/revisions"}],"predecessor-version":[{"id":460,"href":"https:\/\/www.erankavijat.com\/index.php?rest_route=\/wp\/v2\/pages\/443\/revisions\/460"}],"wp:attachment":[{"href":"https:\/\/www.erankavijat.com\/index.php?rest_route=%2Fwp%2Fv2%2Fmedia&parent=443"}],"curies":[{"name":"wp","href":"https:\/\/api.w.org\/{rel}","templated":true}]}}