{"id":106,"date":"2020-08-05T20:19:38","date_gmt":"2020-08-05T17:19:38","guid":{"rendered":"http:\/\/www.erankavijat.com\/?page_id=106"},"modified":"2020-08-05T20:21:56","modified_gmt":"2020-08-05T17:21:56","slug":"ampumarata","status":"publish","type":"page","link":"https:\/\/www.erankavijat.com\/?page_id=106","title":{"rendered":"Ampumarata"},"content":{"rendered":"\n<p>Lappaj\u00e4rven ampumarata sijaitsee Lappaj\u00e4rven Er\u00e4nk\u00e4vij\u00f6iden jahtialueen v\u00e4litt\u00f6m\u00e4ss\u00e4 l\u00e4heisyydess\u00e4. <\/p>\n\n\n\n<figure class=\"wp-block-image size-large\"><img fetchpriority=\"high\" decoding=\"async\" width=\"1024\" height=\"566\" src=\"https:\/\/www.erankavijat.com\/wp-content\/uploads\/2020\/08\/Nimeto\u0308n-e1596647631886-1024x566.png\" alt=\"\" class=\"wp-image-104\" srcset=\"https:\/\/www.erankavijat.com\/wp-content\/uploads\/2020\/08\/Nimeto\u0308n-e1596647631886-1024x566.png 1024w, https:\/\/www.erankavijat.com\/wp-content\/uploads\/2020\/08\/Nimeto\u0308n-e1596647631886-300x166.png 300w, https:\/\/www.erankavijat.com\/wp-content\/uploads\/2020\/08\/Nimeto\u0308n-e1596647631886-768x424.png 768w, https:\/\/www.erankavijat.com\/wp-content\/uploads\/2020\/08\/Nimeto\u0308n-e1596647631886-1536x848.png 1536w, https:\/\/www.erankavijat.com\/wp-content\/uploads\/2020\/08\/Nimeto\u0308n-e1596647631886-109x60.png 109w, https:\/\/www.erankavijat.com\/wp-content\/uploads\/2020\/08\/Nimeto\u0308n-e1596647631886.png 1550w\" sizes=\"(max-width: 1024px) 100vw, 1024px\" \/><\/figure>\n\n\n\n<p><strong>Tarjolla on:<\/strong><\/p>\n\n\n\n<div class=\"wp-block-group\"><div class=\"wp-block-group__inner-container is-layout-flow wp-block-group-is-layout-flow\">\n<ul class=\"wp-block-list\"><li>100m kiv\u00e4\u00e4rirata<\/li><li>75m hirvirata<\/li><li>Haulikolle kiekkorata<\/li><li>Pistoolirata<\/li><\/ul>\n<\/div><\/div>\n","protected":false},"excerpt":{"rendered":"<p>Lappaj\u00e4rven ampumarata sijaitsee Lappaj\u00e4rven Er\u00e4nk\u00e4vij\u00f6iden jahtialueen v\u00e4litt\u00f6m\u00e4ss\u00e4 l\u00e4heisyydess\u00e4. Tarjolla on: 100m kiv\u00e4\u00e4rirata 75m hirvirata Haulikolle kiekkorata Pistoolirata<\/p>\n","protected":false},"author":2,"featured_media":0,"parent":0,"menu_order":0,"comment_status":"closed","ping_status":"closed","template":"","meta":{"footnotes":""},"class_list":["post-106","page","type-page","status-publish","hentry"],"_links":{"self":[{"href":"https:\/\/www.erankavijat.com\/index.php?rest_route=\/wp\/v2\/pages\/106","targetHints":{"allow":["GET"]}}],"collection":[{"href":"https:\/\/www.erankavijat.com\/index.php?rest_route=\/wp\/v2\/pages"}],"about":[{"href":"https:\/\/www.erankavijat.com\/index.php?rest_route=\/wp\/v2\/types\/page"}],"author":[{"embeddable":true,"href":"https:\/\/www.erankavijat.com\/index.php?rest_route=\/wp\/v2\/users\/2"}],"replies":[{"embeddable":true,"href":"https:\/\/www.erankavijat.com\/index.php?rest_route=%2Fwp%2Fv2%2Fcomments&post=106"}],"version-history":[{"count":4,"href":"https:\/\/www.erankavijat.com\/index.php?rest_route=\/wp\/v2\/pages\/106\/revisions"}],"predecessor-version":[{"id":111,"href":"https:\/\/www.erankavijat.com\/index.php?rest_route=\/wp\/v2\/pages\/106\/revisions\/111"}],"wp:attachment":[{"href":"https:\/\/www.erankavijat.com\/index.php?rest_route=%2Fwp%2Fv2%2Fmedia&parent=106"}],"curies":[{"name":"wp","href":"https:\/\/api.w.org\/{rel}","templated":true}]}}